{"id":5582,"date":"2025-09-08T17:00:16","date_gmt":"2025-09-08T20:00:16","guid":{"rendered":"https:\/\/smoofie.shop\/?post_type=product&#038;p=5582"},"modified":"2025-09-08T17:00:16","modified_gmt":"2025-09-08T20:00:16","slug":"racao-umida-golden-gourmet-para-gatos","status":"publish","type":"product","link":"https:\/\/smoofie.shop\/index.php\/product\/racao-umida-golden-gourmet-para-gatos\/","title":{"rendered":"Ra\u00e7\u00e3o \u00damida Golden Gourmet para Gatos"},"content":{"rendered":"","protected":false},"excerpt":{"rendered":"","protected":false},"featured_media":5583,"comment_status":"open","ping_status":"closed","template":"","meta":{"om_disable_all_campaigns":false,"_monsterinsights_skip_tracking":false,"_monsterinsights_sitenote_active":false,"_monsterinsights_sitenote_note":"","_monsterinsights_sitenote_category":0},"product_brand":[],"product_cat":[44,72,50,95],"product_tag":[],"class_list":{"0":"post-5582","1":"product","2":"type-product","3":"status-publish","4":"has-post-thumbnail","6":"product_cat-alimentacao","7":"product_cat-alimentacao-para-gato","8":"product_cat-gato","9":"product_cat-top","11":"first","12":"instock","13":"shipping-taxable","14":"purchasable","15":"product-type-simple"},"_links":{"self":[{"href":"https:\/\/smoofie.shop\/index.php\/wp-json\/wp\/v2\/product\/5582","targetHints":{"allow":["GET"]}}],"collection":[{"href":"https:\/\/smoofie.shop\/index.php\/wp-json\/wp\/v2\/product"}],"about":[{"href":"https:\/\/smoofie.shop\/index.php\/wp-json\/wp\/v2\/types\/product"}],"replies":[{"embeddable":true,"href":"https:\/\/smoofie.shop\/index.php\/wp-json\/wp\/v2\/comments?post=5582"}],"wp:featuredmedia":[{"embeddable":true,"href":"https:\/\/smoofie.shop\/index.php\/wp-json\/wp\/v2\/media\/5583"}],"wp:attachment":[{"href":"https:\/\/smoofie.shop\/index.php\/wp-json\/wp\/v2\/media?parent=5582"}],"wp:term":[{"taxonomy":"product_brand","embeddable":true,"href":"https:\/\/smoofie.shop\/index.php\/wp-json\/wp\/v2\/product_brand?post=5582"},{"taxonomy":"product_cat","embeddable":true,"href":"https:\/\/smoofie.shop\/index.php\/wp-json\/wp\/v2\/product_cat?post=5582"},{"taxonomy":"product_tag","embeddable":true,"href":"https:\/\/smoofie.shop\/index.php\/wp-json\/wp\/v2\/product_tag?post=5582"}],"curies":[{"name":"wp","href":"https:\/\/api.w.org\/{rel}","templated":true}]}}