{"id":5502,"date":"2022-05-26T18:44:55","date_gmt":"2022-05-26T21:44:55","guid":{"rendered":"https:\/\/smoofie.shop\/?post_type=product&#038;p=5502"},"modified":"2025-09-08T17:36:28","modified_gmt":"2025-09-08T20:36:28","slug":"camiseta-100-algodao-yorkshire","status":"publish","type":"product","link":"https:\/\/smoofie.shop\/index.php\/product\/camiseta-100-algodao-yorkshire\/","title":{"rendered":"Camiseta 100% algod\u00e3o Yorkshire"},"content":{"rendered":"<p>&#8211; Tecido Com Prote\u00e7\u00e3o UV.<br \/>\n&#8211; Leve, sedoso e respir\u00e1vel;<br \/>\n&#8211; Estampas alegres e divertidas;<br \/>\n&#8211; Super f\u00e1cil de lavar e seca r\u00e1pido;<br \/>\n&#8211; Tecido Suplex De Poli\u00e9ster e Elastano;<br \/>\n&#8211; Fabricado com alto n\u00edvel de qualidade.<\/p>\n","protected":false},"excerpt":{"rendered":"<p>&#8211; Tecido Com Prote\u00e7\u00e3o UV.<br \/>\n&#8211; Leve, sedoso e respir\u00e1vel;<br \/>\n&#8211; Estampas alegres e divertidas;<br \/>\n&#8211; Super f\u00e1cil de lavar e seca r\u00e1pido;<br \/>\n&#8211; Tecido Suplex De Poli\u00e9ster e Elastano;<br \/>\n&#8211; Fabricado com alto n\u00edvel de qualidade.<\/p>\n","protected":false},"featured_media":5503,"comment_status":"closed","ping_status":"closed","template":"","meta":{"om_disable_all_campaigns":false},"product_cat":[91,90],"product_tag":[97],"_links":{"self":[{"href":"https:\/\/smoofie.shop\/index.php\/wp-json\/wp\/v2\/product\/5502"}],"collection":[{"href":"https:\/\/smoofie.shop\/index.php\/wp-json\/wp\/v2\/product"}],"about":[{"href":"https:\/\/smoofie.shop\/index.php\/wp-json\/wp\/v2\/types\/product"}],"replies":[{"embeddable":true,"href":"https:\/\/smoofie.shop\/index.php\/wp-json\/wp\/v2\/comments?post=5502"}],"wp:featuredmedia":[{"embeddable":true,"href":"https:\/\/smoofie.shop\/index.php\/wp-json\/wp\/v2\/media\/5503"}],"wp:attachment":[{"href":"https:\/\/smoofie.shop\/index.php\/wp-json\/wp\/v2\/media?parent=5502"}],"wp:term":[{"taxonomy":"product_cat","embeddable":true,"href":"https:\/\/smoofie.shop\/index.php\/wp-json\/wp\/v2\/product_cat?post=5502"},{"taxonomy":"product_tag","embeddable":true,"href":"https:\/\/smoofie.shop\/index.php\/wp-json\/wp\/v2\/product_tag?post=5502"}],"curies":[{"name":"wp","href":"https:\/\/api.w.org\/{rel}","templated":true}]}}