{"id":5164,"date":"2025-09-07T11:02:59","date_gmt":"2025-09-07T14:02:59","guid":{"rendered":"https:\/\/smoofie.shop\/index.php\/product\/bebedouro-saude-com-carvao-ativado-para-gatos\/"},"modified":"2025-09-08T17:10:39","modified_gmt":"2025-09-08T20:10:39","slug":"bebedouro-saude-com-carvao-ativado-para-gatos","status":"publish","type":"product","link":"https:\/\/smoofie.shop\/index.php\/product\/bebedouro-saude-com-carvao-ativado-para-gatos\/","title":{"rendered":"Bebedouro sa\u00fade com carv\u00e3o ativado para Gatos"},"content":{"rendered":"<figure class=\"table\">\n<table>\n<tbody>\n<tr>\n<td>\n<p>&nbsp;<\/p>\n<p>Filtro de substitui\u00e7\u00e3o de carv\u00e3o ativado de fonte de \u00e1gua para gatos para c\u00e3es de estima\u00e7\u00e3o dispensador de \u00e1gua pot\u00e1vel alimentador autom\u00e1tico elementos filtrantes<\/p>\n<p><strong>Caracter\u00edstica<\/strong>:<br \/>1. A tela de filtro microporosa de alta densidade filtra o cabelo e as impurezas na \u00e1gua para reduzir as bolas de cabelo no corpo.<br \/>2. O carv\u00e3o ativado de alta densidade pode remover impurezas finas e microorganismos nocivos e reduzir doen\u00e7as.<\/p>\n<p>Especifica\u00e7\u00e3o:<br \/>Tamanho do produto: 11*4*3 cm\/4.3*1.57*1.2in<br \/>Material do produto: filtro de algod\u00e3o<br \/>Embalagem: saco de OPPat Water Fountain Activated Carbon Replacement Filter or Pet Dogs Drinking Water Dispenser Auto Feeder Filter Elements<br \/>&nbsp;<\/p>\n<figure class=\"image\"><img decoding=\"async\" src=\"https:\/\/ae01.alicdn.com\/kf\/S539fcb0b58664436bb7ac14dd4ab8dban.jpg\"><\/figure>\n<figure class=\"image\"><img decoding=\"async\" src=\"https:\/\/ae01.alicdn.com\/kf\/S9883c807a349423caaf713cde17bf435B.jpg\"><\/figure>\n<figure class=\"image\"><img decoding=\"async\" src=\"https:\/\/ae01.alicdn.com\/kf\/Sc4aed238ae664d57b22ac6428f0e98beR.jpg\"><\/figure>\n<figure class=\"image\"><img decoding=\"async\" src=\"https:\/\/ae01.alicdn.com\/kf\/S6fa5fe6729084446a63a97aa607d8273J.jpg\"><\/figure>\n<figure class=\"image\"><img decoding=\"async\" src=\"https:\/\/ae01.alicdn.com\/kf\/S1ca71a0996ee49bfb84bb35660ab4d8dO.jpg\"><\/figure>\n<figure class=\"image\"><img decoding=\"async\" src=\"https:\/\/ae01.alicdn.com\/kf\/S15c8a3ab7f6f4fd6ba77b9ac8a69a661Y.jpg\"><\/figure>\n<figure class=\"image\"><img decoding=\"async\" src=\"https:\/\/ae01.alicdn.com\/kf\/S61821d401b0e45e6ba666dc05bb0894bd.jpg\"><\/figure>\n<p>&nbsp;<\/p>\n<p>&nbsp;<\/p>\n<p>&nbsp;<\/p>\n<p>&nbsp;<\/p>\n<\/td>\n<\/tr>\n<\/tbody>\n<\/table>\n<\/figure>\n<p>&nbsp;<\/p>\n","protected":false},"excerpt":{"rendered":"<p>&nbsp; Filtro de substitui\u00e7\u00e3o de carv\u00e3o ativado de fonte de \u00e1gua para gatos para c\u00e3es de estima\u00e7\u00e3o dispensador de \u00e1gua pot\u00e1vel alimentador autom\u00e1tico elementos filtrantes [&hellip;]<\/p>\n","protected":false},"featured_media":5163,"comment_status":"open","ping_status":"closed","template":"","meta":{"om_disable_all_campaigns":false,"_monsterinsights_skip_tracking":false,"_monsterinsights_sitenote_active":false,"_monsterinsights_sitenote_note":"","_monsterinsights_sitenote_category":0},"product_brand":[],"product_cat":[44,72,95],"product_tag":[],"class_list":{"0":"post-5164","1":"product","2":"type-product","3":"status-publish","4":"has-post-thumbnail","6":"product_cat-alimentacao","7":"product_cat-alimentacao-para-gato","8":"product_cat-top","10":"first","11":"instock","12":"shipping-taxable","13":"purchasable","14":"product-type-simple"},"_links":{"self":[{"href":"https:\/\/smoofie.shop\/index.php\/wp-json\/wp\/v2\/product\/5164","targetHints":{"allow":["GET"]}}],"collection":[{"href":"https:\/\/smoofie.shop\/index.php\/wp-json\/wp\/v2\/product"}],"about":[{"href":"https:\/\/smoofie.shop\/index.php\/wp-json\/wp\/v2\/types\/product"}],"replies":[{"embeddable":true,"href":"https:\/\/smoofie.shop\/index.php\/wp-json\/wp\/v2\/comments?post=5164"}],"wp:featuredmedia":[{"embeddable":true,"href":"https:\/\/smoofie.shop\/index.php\/wp-json\/wp\/v2\/media\/5163"}],"wp:attachment":[{"href":"https:\/\/smoofie.shop\/index.php\/wp-json\/wp\/v2\/media?parent=5164"}],"wp:term":[{"taxonomy":"product_brand","embeddable":true,"href":"https:\/\/smoofie.shop\/index.php\/wp-json\/wp\/v2\/product_brand?post=5164"},{"taxonomy":"product_cat","embeddable":true,"href":"https:\/\/smoofie.shop\/index.php\/wp-json\/wp\/v2\/product_cat?post=5164"},{"taxonomy":"product_tag","embeddable":true,"href":"https:\/\/smoofie.shop\/index.php\/wp-json\/wp\/v2\/product_tag?post=5164"}],"curies":[{"name":"wp","href":"https:\/\/api.w.org\/{rel}","templated":true}]}}